{"id":10192,"date":"2024-10-02T14:20:16","date_gmt":"2024-10-02T12:20:16","guid":{"rendered":"https:\/\/www.aloa-vacances.com\/campings-pmr\/"},"modified":"2026-04-23T12:16:17","modified_gmt":"2026-04-23T10:16:17","slug":"campings-pmr","status":"publish","type":"page","link":"https:\/\/www.aloa-vacances.com\/en\/campings-pmr\/","title":{"rendered":"PMR (People with Reduced Mobility) campsites, discover our adapted campsites"},"content":{"rendered":"<div class=\"columns\" style=\"align-items:center;\"><div class=\"columns__item\" style=\"align-self:center;\"><h1>PMR (People with Reduced Mobility) campsites, <span class=\"fc-span\">discover our adapted campsites<\/span><\/h1><p    >Looking for a <strong>PRM-friendly campsite<\/strong> for your next <strong>seaside vacation<\/strong>? Aloa vacances presents its <strong>campsites in France, from Morbihan to Pyr\u00e9n\u00e9es Orientales, via Vend\u00e9e<\/strong> and <strong>Charente-Maritime<\/strong>, equipped with PRM accommodation. Enabling everyone to enjoy a pleasant <strong>camping vacation<\/strong>.  <\/p><\/div><div class=\"columns__item\" style=\"align-self:center;\"><div class=\"gallery\"><figure class=\"gallery__item\"><picture><source srcset=\"https:\/\/www.aloa-vacances.com\/wp-content\/uploads\/2024\/11\/PMR-420x420.jpg.webp\" media=\"(max-width: 210px)\"><source srcset=\"https:\/\/www.aloa-vacances.com\/wp-content\/uploads\/2024\/11\/PMR-600x590.jpg.webp\" media=\"(max-width: 420px)\"><source srcset=\"https:\/\/www.aloa-vacances.com\/wp-content\/uploads\/2024\/11\/PMR-768x553.jpg.webp\" media=\"(max-width: 850px)\"><source srcset=\"https:\/\/www.aloa-vacances.com\/wp-content\/uploads\/2024\/11\/PMR.jpg.webp\" media=\"(max-width: 1024px)\"><source srcset=\"https:\/\/www.aloa-vacances.com\/wp-content\/uploads\/2024\/11\/PMR.jpg.webp\" media=\"(min-width: 1025px)\"><img decoding=\"async\" src=\"https:\/\/www.aloa-vacances.com\/wp-content\/uploads\/2024\/11\/PMR-420x420.jpg.webp\" width=\"420\" height=\"210\" loading=\"lazy\" alt=\"\" title=\"\"><\/picture><\/figure><\/div><\/div><\/div>\n\n<figure class=\"deco--vague -vague1\"><picture><source srcset=\"https:\/\/www.aloa-vacances.com\/wp-content\/uploads\/2024\/10\/deco-vague-aloa-1-420x420.png.webp\" media=\"(max-width: 210px)\"><source srcset=\"https:\/\/www.aloa-vacances.com\/wp-content\/uploads\/2024\/10\/deco-vague-aloa-1-850x221.png.webp\" media=\"(max-width: 420px)\"><source srcset=\"https:\/\/www.aloa-vacances.com\/wp-content\/uploads\/2024\/10\/deco-vague-aloa-1-768x200.png.webp\" media=\"(max-width: 850px)\"><source srcset=\"https:\/\/www.aloa-vacances.com\/wp-content\/uploads\/2024\/10\/deco-vague-aloa-1-1024x267.png.webp\" media=\"(max-width: 1024px)\"><source srcset=\"https:\/\/www.aloa-vacances.com\/wp-content\/uploads\/2024\/10\/deco-vague-aloa-1.png\" media=\"(min-width: 1025px)\"><img decoding=\"async\" src=\"https:\/\/www.aloa-vacances.com\/wp-content\/uploads\/2024\/10\/deco-vague-aloa-1-420x420.png.webp\" width=\"420\" height=\"210\" loading=\"lazy\" alt=\"\" title=\"\"><\/picture><\/figure>\n\n<div class=\"group mini encart\"><h2>Find out more about our PRM-friendly campsites<\/h2><p    >To make camping accessible to as many people as possible, Aloa Vacances offers you the chance to stay at one of its campsites adapted for PRMs. You have a choice of : <\/p>\r\n\r\n    <ul class=\"selection select--liste\">\r\n\r\n    \r\n            <li> \r\n                <a href=\"https:\/\/www.aloa-vacances.com\/maire\/accueil\/\">Ma\u00efre 3 \u00e9toiles<\/a>\r\n            <\/li>\r\n        \r\n    \r\n            <li> \r\n                <a href=\"https:\/\/www.aloa-vacances.com\/en\/beausejour\/home\/\">Beaus\u00e9jour 4 \u00e9toiles<\/a>\r\n            <\/li>\r\n        \r\n    \r\n            <li> \r\n                <a href=\"https:\/\/www.aloa-vacances.com\/en\/ker-yaoulet\/home\/\">Ker Yaoulet 4 \u00e9toiles<\/a>\r\n            <\/li>\r\n        \r\n    \r\n            <li> \r\n                <a href=\"https:\/\/www.aloa-vacances.com\/en\/riez-a-la-vie\/home\/\">Riez \u00e0 la Vie 4 \u00e9toiles<\/a>\r\n            <\/li>\r\n        \r\n    \r\n            <li> \r\n                <a href=\"https:\/\/www.aloa-vacances.com\/en\/oleron-loisirs\/home\/\">Ol\u00e9ron Loisirs 4 \u00e9toiles<\/a>\r\n            <\/li>\r\n        \r\n        \r\n    <\/ul>\r\n\r\n<p    >These 5 campsites offer <strong>mobile-home rentals adapted for PRMs<\/strong>, as well as leisure facilities and quality services.<\/p><div class=\"lireplus fc-desk\"><p    >Read more<\/p><div class=\"group\"><h3><strong>Camping in the Vend\u00e9e<\/strong><\/h3><p    >For a holiday on the C\u00f4te de Lumi\u00e8re, Aloa Vacances lets you stay in the north or south of the Vend\u00e9e, opting for Saint-Hilaire-Riez or Les Sables-d&#8217;Olonne. In Saint-Hilaire-de-Riez, you can book your holiday at the <a href=\"https:\/\/www.aloa-vacances.com\/en\/riez-a-la-vie\/home\/\">Riez \u00e0 la vie<\/a> campsite. This 4-star establishment, located just one kilometre from the sea, has a 200 m\u00b2 outdoor pool area with a heated indoor swimming pool, entertainment throughout the season and 28 m\u00b2 PMR mobile homes for up to 6 people.<br>For those who prefer the South of France as their holiday destination, there&#8217;s the 4-star <a href=\"https:\/\/www.aloa-vacances.com\/en\/beausejour\/home\/\">Beaus\u00e9jour<\/a> campsite and the 3-star <a href=\"https:\/\/www.aloa-vacances.com\/maire\/accueil\/\">La Maire<\/a> campsite.<\/p><\/div><\/div><\/div>\n\n<figure class=\"deco--vague -vague2\"><picture><source srcset=\"https:\/\/www.aloa-vacances.com\/wp-content\/uploads\/2024\/10\/deco-vague-aloa-2-420x420.png.webp\" media=\"(max-width: 210px)\"><source srcset=\"https:\/\/www.aloa-vacances.com\/wp-content\/uploads\/2024\/10\/deco-vague-aloa-2-850x320.png.webp\" media=\"(max-width: 420px)\"><source srcset=\"https:\/\/www.aloa-vacances.com\/wp-content\/uploads\/2024\/10\/deco-vague-aloa-2-768x289.png.webp\" media=\"(max-width: 850px)\"><source srcset=\"https:\/\/www.aloa-vacances.com\/wp-content\/uploads\/2024\/10\/deco-vague-aloa-2-1024x386.png.webp\" media=\"(max-width: 1024px)\"><source srcset=\"https:\/\/www.aloa-vacances.com\/wp-content\/uploads\/2024\/10\/deco-vague-aloa-2.png.webp\" media=\"(min-width: 1025px)\"><img decoding=\"async\" src=\"https:\/\/www.aloa-vacances.com\/wp-content\/uploads\/2024\/10\/deco-vague-aloa-2-420x420.png.webp\" width=\"420\" height=\"210\" loading=\"lazy\" alt=\"\" title=\"\"><\/picture><\/figure>\n\n<div class=\"group mini\"><h3><strong>Camping vacations in Charente-Maritime<\/strong><\/h3><p    >However, if you&#8217;d prefer to go <strong>camping in Charente-Maritime<\/strong>, you&#8217;ll find your vacation accommodation at Camping Ol\u00e9ron Loisirs in Saint-Georges-d&#8217;Ol\u00e9ron. The campsite offers a <strong>PMR mobile home<\/strong> for up to 6 people, with 2 bedrooms and a surface area of 28 m\u00b2. On-site entertainment and leisure facilities include an aquatic area with a heated indoor swimming pool.  <\/p><h2>The joys of camping for all<\/h2><p    >If camping is a luxury for some, it&#8217;s a dream for others. People with disabilities can find it difficult to find resorts that can accommodate them and enable them to enjoy a quality stay. In fact, not all campsites are suitable for people with motor disabilities. That&#8217;s why Aloa Vacances offers you a <strong>selection of campsites with PRM accessibility<\/strong>.   <\/p><p    >To meet the needs of people with disabilities, Aloa&#8217;s campsites offer <strong>fully adapted PMR accommodation to make everyday life easier for everyone<\/strong>.<\/p><h3>Choose the Aloa Vacances PRM campsite that&#8217;s right for you<\/h3><p    >Are you looking for a <strong>campsite with disabled access<\/strong>? You can choose from our selection of campsites. <strong>Aloa Vacances<\/strong> makes it easy to choose the right establishment for you. The campsites we have selected combine accessibility with comfort. Our facilities are designed not only for disabled people, but also for their families and carers.   <\/p><\/div>","protected":false},"excerpt":{"rendered":"<p>PMR (People with Reduced Mobility) campsites, discover our adapted campsites Looking for a PRM-friendly campsite for your next seaside vacation? Aloa vacances presents its campsites in France, from Morbihan to Pyr\u00e9n\u00e9es Orientales, via Vend\u00e9e and Charente-Maritime, equipped with PRM accommodation. Enabling everyone to enjoy a pleasant camping vacation. Find out more about our PRM-friendly campsites [&hellip;]<\/p>\n","protected":false},"author":1,"featured_media":0,"parent":0,"menu_order":0,"comment_status":"open","ping_status":"open","template":"","meta":{"_acf_changed":false,"footnotes":""},"acf":[],"_links":{"self":[{"href":"https:\/\/www.aloa-vacances.com\/en\/wp-json\/wp\/v2\/pages\/10192"}],"collection":[{"href":"https:\/\/www.aloa-vacances.com\/en\/wp-json\/wp\/v2\/pages"}],"about":[{"href":"https:\/\/www.aloa-vacances.com\/en\/wp-json\/wp\/v2\/types\/page"}],"author":[{"embeddable":true,"href":"https:\/\/www.aloa-vacances.com\/en\/wp-json\/wp\/v2\/users\/1"}],"replies":[{"embeddable":true,"href":"https:\/\/www.aloa-vacances.com\/en\/wp-json\/wp\/v2\/comments?post=10192"}],"version-history":[{"count":3,"href":"https:\/\/www.aloa-vacances.com\/en\/wp-json\/wp\/v2\/pages\/10192\/revisions"}],"predecessor-version":[{"id":36135,"href":"https:\/\/www.aloa-vacances.com\/en\/wp-json\/wp\/v2\/pages\/10192\/revisions\/36135"}],"wp:attachment":[{"href":"https:\/\/www.aloa-vacances.com\/en\/wp-json\/wp\/v2\/media?parent=10192"}],"curies":[{"name":"wp","href":"https:\/\/api.w.org\/{rel}","templated":true}]}}